{"id":49,"date":"2024-04-13T17:52:12","date_gmt":"2024-04-13T15:52:12","guid":{"rendered":"https:\/\/cjenny.eleves.mediamatique.ch\/e-portfolio\/home\/"},"modified":"2024-04-21T20:36:48","modified_gmt":"2024-04-21T18:36:48","slug":"home","status":"publish","type":"page","link":"https:\/\/cjenny.eleves.mediamatique.ch\/e-portfolio\/","title":{"rendered":"Home"},"content":{"rendered":"\t\t<div data-elementor-type=\"wp-page\" data-elementor-id=\"49\" class=\"elementor elementor-49\" data-elementor-post-type=\"page\">\n\t\t\t\t<div class=\"elementor-element elementor-element-7519b4d2 e-con-full e-flex e-con e-parent\" data-id=\"7519b4d2\" data-element_type=\"container\" data-settings=\"{&quot;background_background&quot;:&quot;classic&quot;}\" data-core-v316-plus=\"true\">\n\t\t<div class=\"elementor-element elementor-element-27beabab e-con-full e-flex e-con e-child\" data-id=\"27beabab\" data-element_type=\"container\" data-settings=\"{&quot;background_background&quot;:&quot;classic&quot;}\">\n\t\t<div class=\"elementor-element elementor-element-64c7d6e7 e-con-full e-flex e-con e-child\" data-id=\"64c7d6e7\" data-element_type=\"container\">\n\t\t\t\t<div class=\"elementor-element elementor-element-2257062e elementor-invisible elementor-widget elementor-widget-heading\" data-id=\"2257062e\" data-element_type=\"widget\" data-settings=\"{&quot;_animation&quot;:&quot;fadeIn&quot;,&quot;_animation_delay&quot;:&quot;200&quot;}\" data-widget_type=\"heading.default\">\n\t\t\t\t<div class=\"elementor-widget-container\">\n\t\t\t<style>\/*! elementor - v3.20.0 - 26-03-2024 *\/\n.elementor-heading-title{padding:0;margin:0;line-height:1}.elementor-widget-heading .elementor-heading-title[class*=elementor-size-]>a{color:inherit;font-size:inherit;line-height:inherit}.elementor-widget-heading .elementor-heading-title.elementor-size-small{font-size:15px}.elementor-widget-heading .elementor-heading-title.elementor-size-medium{font-size:19px}.elementor-widget-heading .elementor-heading-title.elementor-size-large{font-size:29px}.elementor-widget-heading .elementor-heading-title.elementor-size-xl{font-size:39px}.elementor-widget-heading .elementor-heading-title.elementor-size-xxl{font-size:59px}<\/style><h4 class=\"elementor-heading-title elementor-size-default\">Coralie Jenny <\/h4>\t\t<\/div>\n\t\t\t\t<\/div>\n\t\t\t\t<div class=\"elementor-element elementor-element-1f78f7ff elementor-invisible elementor-widget elementor-widget-icon-box\" data-id=\"1f78f7ff\" data-element_type=\"widget\" data-settings=\"{&quot;_animation&quot;:&quot;fadeInLeft&quot;}\" data-widget_type=\"icon-box.default\">\n\t\t\t\t<div class=\"elementor-widget-container\">\n\t\t\t<link rel=\"stylesheet\" href=\"https:\/\/cjenny.eleves.mediamatique.ch\/e-portfolio\/wp-content\/plugins\/elementor\/assets\/css\/widget-icon-box.min.css\">\t\t<div class=\"elementor-icon-box-wrapper\">\n\t\t\t\t\t\t<div class=\"elementor-icon-box-content\">\n\t\t\t\t<h3 class=\"elementor-icon-box-title\">\n\t\t\t\t\t<span  >\n\t\t\t\t\t\tM\u00e9diamaticienne\t\t\t\t\t<\/span>\n\t\t\t\t<\/h3>\n\t\t\t\t\t\t\t\t\t<p class=\"elementor-icon-box-description\">\n\t\t\t\t\t\tEt photographe\t\t\t\t\t<\/p>\n\t\t\t\t\t\t\t<\/div>\n\t\t<\/div>\n\t\t\t\t<\/div>\n\t\t\t\t<\/div>\n\t\t\t\t<\/div>\n\t\t<div class=\"elementor-element elementor-element-633811ec e-con-full e-flex e-con e-child\" data-id=\"633811ec\" data-element_type=\"container\">\n\t\t\t\t<div class=\"elementor-element elementor-element-f7a57a8 animated-fast elementor-widget__width-inherit elementor-invisible elementor-widget elementor-widget-image\" data-id=\"f7a57a8\" data-element_type=\"widget\" data-settings=\"{&quot;_animation&quot;:&quot;slideInLeft&quot;,&quot;_animation_delay&quot;:&quot;450&quot;}\" data-widget_type=\"image.default\">\n\t\t\t\t<div class=\"elementor-widget-container\">\n\t\t\t<style>\/*! elementor - v3.20.0 - 26-03-2024 *\/\n.elementor-widget-image{text-align:center}.elementor-widget-image a{display:inline-block}.elementor-widget-image a img[src$=\".svg\"]{width:48px}.elementor-widget-image img{vertical-align:middle;display:inline-block}<\/style>\t\t\t\t\t\t\t\t\t\t<img fetchpriority=\"high\" decoding=\"async\" width=\"2560\" height=\"1707\" src=\"https:\/\/cjenny.eleves.mediamatique.ch\/e-portfolio\/wp-content\/uploads\/2024\/04\/DSC04166-scaled.jpg\" class=\"attachment-full size-full wp-image-318\" alt=\"\" srcset=\"https:\/\/cjenny.eleves.mediamatique.ch\/e-portfolio\/wp-content\/uploads\/2024\/04\/DSC04166-scaled.jpg 2560w, https:\/\/cjenny.eleves.mediamatique.ch\/e-portfolio\/wp-content\/uploads\/2024\/04\/DSC04166-300x200.jpg 300w, https:\/\/cjenny.eleves.mediamatique.ch\/e-portfolio\/wp-content\/uploads\/2024\/04\/DSC04166-1024x683.jpg 1024w, https:\/\/cjenny.eleves.mediamatique.ch\/e-portfolio\/wp-content\/uploads\/2024\/04\/DSC04166-768x512.jpg 768w, https:\/\/cjenny.eleves.mediamatique.ch\/e-portfolio\/wp-content\/uploads\/2024\/04\/DSC04166-1536x1024.jpg 1536w, https:\/\/cjenny.eleves.mediamatique.ch\/e-portfolio\/wp-content\/uploads\/2024\/04\/DSC04166-2048x1365.jpg 2048w\" sizes=\"(max-width: 2560px) 100vw, 2560px\" \/>\t\t\t\t\t\t\t\t\t\t\t\t\t<\/div>\n\t\t\t\t<\/div>\n\t\t\t\t<\/div>\n\t\t\t\t<\/div>\n\t\t<div class=\"elementor-element elementor-element-cc0cf25 e-con-full elementor-hidden-mobile e-flex e-con e-child\" data-id=\"cc0cf25\" data-element_type=\"container\" data-settings=\"{&quot;background_background&quot;:&quot;classic&quot;,&quot;background_motion_fx_motion_fx_scrolling&quot;:&quot;yes&quot;,&quot;background_motion_fx_scale_effect&quot;:&quot;yes&quot;,&quot;background_motion_fx_scale_range&quot;:{&quot;unit&quot;:&quot;%&quot;,&quot;size&quot;:&quot;&quot;,&quot;sizes&quot;:{&quot;start&quot;:50,&quot;end&quot;:100}},&quot;background_motion_fx_scale_direction&quot;:&quot;out-in&quot;,&quot;background_motion_fx_scale_speed&quot;:{&quot;unit&quot;:&quot;px&quot;,&quot;size&quot;:4,&quot;sizes&quot;:[]},&quot;background_motion_fx_devices&quot;:[&quot;desktop&quot;,&quot;tablet&quot;,&quot;mobile&quot;]}\">\n\t\t\t\t<\/div>\n\t\t\t\t<\/div>\n\t\t<div class=\"elementor-element elementor-element-43033de9 e-flex e-con-boxed e-con e-parent\" data-id=\"43033de9\" data-element_type=\"container\" data-core-v316-plus=\"true\">\n\t\t\t\t\t<div class=\"e-con-inner\">\n\t\t\t\t<div class=\"elementor-element elementor-element-27c01cf0 elementor-widget__width-inherit elementor-widget-tablet__width-initial elementor-widget-mobile__width-inherit elementor-widget elementor-widget-image\" data-id=\"27c01cf0\" data-element_type=\"widget\" data-widget_type=\"image.default\">\n\t\t\t\t<div class=\"elementor-widget-container\">\n\t\t\t\t\t\t\t\t\t\t\t\t\t<img decoding=\"async\" width=\"1920\" height=\"2244\" src=\"https:\/\/cjenny.eleves.mediamatique.ch\/e-portfolio\/wp-content\/uploads\/2024\/04\/IMG_6369_jpg-scaled-e1713359963997.jpg\" class=\"attachment-full size-full wp-image-324\" alt=\"\" srcset=\"https:\/\/cjenny.eleves.mediamatique.ch\/e-portfolio\/wp-content\/uploads\/2024\/04\/IMG_6369_jpg-scaled-e1713359963997.jpg 1920w, https:\/\/cjenny.eleves.mediamatique.ch\/e-portfolio\/wp-content\/uploads\/2024\/04\/IMG_6369_jpg-scaled-e1713359963997-257x300.jpg 257w, https:\/\/cjenny.eleves.mediamatique.ch\/e-portfolio\/wp-content\/uploads\/2024\/04\/IMG_6369_jpg-scaled-e1713359963997-876x1024.jpg 876w, https:\/\/cjenny.eleves.mediamatique.ch\/e-portfolio\/wp-content\/uploads\/2024\/04\/IMG_6369_jpg-scaled-e1713359963997-768x898.jpg 768w, https:\/\/cjenny.eleves.mediamatique.ch\/e-portfolio\/wp-content\/uploads\/2024\/04\/IMG_6369_jpg-scaled-e1713359963997-1314x1536.jpg 1314w, https:\/\/cjenny.eleves.mediamatique.ch\/e-portfolio\/wp-content\/uploads\/2024\/04\/IMG_6369_jpg-scaled-e1713359963997-1752x2048.jpg 1752w\" sizes=\"(max-width: 1920px) 100vw, 1920px\" \/>\t\t\t\t\t\t\t\t\t\t\t\t\t<\/div>\n\t\t\t\t<\/div>\n\t\t<div class=\"elementor-element elementor-element-1330d6a4 e-con-full e-flex e-con e-child\" data-id=\"1330d6a4\" data-element_type=\"container\">\n\t\t\t\t<div class=\"elementor-element elementor-element-3b6899ce animated-slow elementor-invisible elementor-widget elementor-widget-heading\" data-id=\"3b6899ce\" data-element_type=\"widget\" data-settings=\"{&quot;_animation&quot;:&quot;fadeIn&quot;}\" data-widget_type=\"heading.default\">\n\t\t\t\t<div class=\"elementor-widget-container\">\n\t\t\t<h2 class=\"elementor-heading-title elementor-size-default\">Coralie Jenny<\/h2>\t\t<\/div>\n\t\t\t\t<\/div>\n\t\t\t\t<div class=\"elementor-element elementor-element-23a50d00 elementor-invisible elementor-widget elementor-widget-heading\" data-id=\"23a50d00\" data-element_type=\"widget\" data-settings=\"{&quot;_animation&quot;:&quot;fadeIn&quot;,&quot;_animation_delay&quot;:&quot;200&quot;}\" data-widget_type=\"heading.default\">\n\t\t\t\t<div class=\"elementor-widget-container\">\n\t\t\t<h4 class=\"elementor-heading-title elementor-size-default\">M\u00e9diamaticienne et photographe<\/h4>\t\t<\/div>\n\t\t\t\t<\/div>\n\t\t\t\t<div class=\"elementor-element elementor-element-6d99e25f elementor-widget elementor-widget-text-editor\" data-id=\"6d99e25f\" data-element_type=\"widget\" data-widget_type=\"text-editor.default\">\n\t\t\t\t<div class=\"elementor-widget-container\">\n\t\t\t<style>\/*! elementor - v3.20.0 - 26-03-2024 *\/\n.elementor-widget-text-editor.elementor-drop-cap-view-stacked .elementor-drop-cap{background-color:#69727d;color:#fff}.elementor-widget-text-editor.elementor-drop-cap-view-framed .elementor-drop-cap{color:#69727d;border:3px solid;background-color:transparent}.elementor-widget-text-editor:not(.elementor-drop-cap-view-default) .elementor-drop-cap{margin-top:8px}.elementor-widget-text-editor:not(.elementor-drop-cap-view-default) .elementor-drop-cap-letter{width:1em;height:1em}.elementor-widget-text-editor .elementor-drop-cap{float:left;text-align:center;line-height:1;font-size:50px}.elementor-widget-text-editor .elementor-drop-cap-letter{display:inline-block}<\/style>\t\t\t\t<p>En tant que m\u00e9diamaticienne de formation, sp\u00e9cialis\u00e9e dans le web design et le design PAO, je suis anim\u00e9e par une passion pour l&rsquo;innovation et le dynamisme. Mon approche collaborative privil\u00e9gie le travail \u00e9troit avec mes clients afin de concr\u00e9tiser leurs projets de mani\u00e8re cr\u00e9ative et efficace. Mon e-portfolio met en avant mes comp\u00e9tences dans ces domaines sp\u00e9cifiques \u00e0 travers une s\u00e9lection de r\u00e9alisations repr\u00e9sentatives, t\u00e9moignant de mon engagement envers l&rsquo;excellence et la satisfaction du client.<\/p>\t\t\t\t\t\t<\/div>\n\t\t\t\t<\/div>\n\t\t\t\t<div class=\"elementor-element elementor-element-7ca29ad5 elementor-align-left elementor-mobile-align-center elementor-widget elementor-widget-button\" data-id=\"7ca29ad5\" data-element_type=\"widget\" data-widget_type=\"button.default\">\n\t\t\t\t<div class=\"elementor-widget-container\">\n\t\t\t\t\t<div class=\"elementor-button-wrapper\">\n\t\t\t<a class=\"elementor-button elementor-button-link elementor-size-sm elementor-animation-hang\" href=\"https:\/\/cjenny.eleves.mediamatique.ch\/e-portfolio\/kind-words\/\">\n\t\t\t\t\t\t<span class=\"elementor-button-content-wrapper\">\n\t\t\t\t\t\t<span class=\"elementor-button-text\">Design \u27f6<\/span>\n\t\t<\/span>\n\t\t\t\t\t<\/a>\n\t\t<\/div>\n\t\t\t\t<\/div>\n\t\t\t\t<\/div>\n\t\t\t\t<div class=\"elementor-element elementor-element-38fe5e4 elementor-widget elementor-widget-text-editor\" data-id=\"38fe5e4\" data-element_type=\"widget\" data-widget_type=\"text-editor.default\">\n\t\t\t\t<div class=\"elementor-widget-container\">\n\t\t\t\t\t\t\t<p>En tant que photographe freelance, je suis passionn\u00e9e par la capture de la v\u00e9ritable essence des gens dans leur environnement naturel. Pour moi, il est essentiel de repr\u00e9senter les individus de mani\u00e8re authentique. J&rsquo;adore immortaliser les moments dynamiques et \u00e9nergiques o\u00f9 les gens incarnent leur propre passion. \u00c0 travers mon objectif, je vous invite \u00e0 d\u00e9couvrir la beaut\u00e9 brute des vastes paysages et des \u00eatres humains qui les habitent.<\/p>\t\t\t\t\t\t<\/div>\n\t\t\t\t<\/div>\n\t\t\t\t<div class=\"elementor-element elementor-element-40b5f82 elementor-align-left elementor-mobile-align-center elementor-widget elementor-widget-button\" data-id=\"40b5f82\" data-element_type=\"widget\" data-widget_type=\"button.default\">\n\t\t\t\t<div class=\"elementor-widget-container\">\n\t\t\t\t\t<div class=\"elementor-button-wrapper\">\n\t\t\t<a class=\"elementor-button elementor-button-link elementor-size-sm elementor-animation-hang\" href=\"https:\/\/cjenny.eleves.mediamatique.ch\/e-portfolio\/gallery\/\">\n\t\t\t\t\t\t<span class=\"elementor-button-content-wrapper\">\n\t\t\t\t\t\t<span class=\"elementor-button-text\">Photographie \u27f6<\/span>\n\t\t<\/span>\n\t\t\t\t\t<\/a>\n\t\t<\/div>\n\t\t\t\t<\/div>\n\t\t\t\t<\/div>\n\t\t\t\t<\/div>\n\t\t\t\t\t<\/div>\n\t\t\t\t<\/div>\n\t\t<div class=\"elementor-element elementor-element-3d1b4bb2 e-flex e-con-boxed e-con e-parent\" data-id=\"3d1b4bb2\" data-element_type=\"container\" data-core-v316-plus=\"true\">\n\t\t\t\t\t<div class=\"e-con-inner\">\n\t\t\t\t<div class=\"elementor-element elementor-element-1f8086bf elementor-invisible elementor-widget elementor-widget-heading\" data-id=\"1f8086bf\" data-element_type=\"widget\" data-settings=\"{&quot;_animation&quot;:&quot;fadeIn&quot;}\" data-widget_type=\"heading.default\">\n\t\t\t\t<div class=\"elementor-widget-container\">\n\t\t\t<h2 class=\"elementor-heading-title elementor-size-default\">Projets<\/h2>\t\t<\/div>\n\t\t\t\t<\/div>\n\t\t<div class=\"elementor-element elementor-element-306a0708 e-con-full e-flex e-con e-child\" data-id=\"306a0708\" data-element_type=\"container\">\n\t\t\t\t<div class=\"elementor-element elementor-element-2d89184c elementor-flip-box--effect-zoom-in animated-slow elementor-invisible elementor-widget elementor-widget-flip-box\" data-id=\"2d89184c\" data-element_type=\"widget\" data-settings=\"{&quot;_animation&quot;:&quot;fadeInRight&quot;}\" data-widget_type=\"flip-box.default\">\n\t\t\t\t<div class=\"elementor-widget-container\">\n\t\t\t<link rel=\"stylesheet\" href=\"https:\/\/cjenny.eleves.mediamatique.ch\/e-portfolio\/wp-content\/plugins\/elementor-pro\/assets\/css\/widget-flip-box.min.css\">\t\t<div class=\"elementor-flip-box\" tabindex=\"0\">\n\t\t\t<div class=\"elementor-flip-box__layer elementor-flip-box__front\">\n\t\t\t\t<div class=\"elementor-flip-box__layer__overlay\">\n\t\t\t\t\t<div class=\"elementor-flip-box__layer__inner\">\n\t\t\t\t\t\t\n\t\t\t\t\t\t\n\t\t\t\t\t\t\t\t\t\t\t<\/div>\n\t\t\t\t<\/div>\n\t\t\t<\/div>\n\t\t\t<a class=\"elementor-flip-box__layer elementor-flip-box__back\" href=\"https:\/\/cjenny.eleves.mediamatique.ch\/e-portfolio\/design-pao\/\">\n\t\t\t<div class=\"elementor-flip-box__layer__overlay\">\n\t\t\t\t<div class=\"elementor-flip-box__layer__inner\">\n\t\t\t\t\t\t\t\t\t\t\t<h3 class=\"elementor-flip-box__layer__title\">\n\t\t\t\t\t\t\tDESIGN PAO\t\t\t\t\t\t<\/h3>\n\t\t\t\t\t\n\t\t\t\t\t\n\t\t\t\t\t\t\t\t<\/div>\n\t\t<\/div>\n\t\t<\/a>\n\t\t<\/div>\n\t\t\t\t<\/div>\n\t\t\t\t<\/div>\n\t\t\t\t<div class=\"elementor-element elementor-element-6980a73d elementor-flip-box--effect-zoom-in elementor-invisible elementor-widget elementor-widget-flip-box\" data-id=\"6980a73d\" data-element_type=\"widget\" data-settings=\"{&quot;_animation&quot;:&quot;fadeIn&quot;}\" data-widget_type=\"flip-box.default\">\n\t\t\t\t<div class=\"elementor-widget-container\">\n\t\t\t\t\t<div class=\"elementor-flip-box\" tabindex=\"0\">\n\t\t\t<div class=\"elementor-flip-box__layer elementor-flip-box__front\">\n\t\t\t\t<div class=\"elementor-flip-box__layer__overlay\">\n\t\t\t\t\t<div class=\"elementor-flip-box__layer__inner\">\n\t\t\t\t\t\t\n\t\t\t\t\t\t\n\t\t\t\t\t\t\t\t\t\t\t<\/div>\n\t\t\t\t<\/div>\n\t\t\t<\/div>\n\t\t\t<a class=\"elementor-flip-box__layer elementor-flip-box__back\" href=\"https:\/\/cjenny.eleves.mediamatique.ch\/e-portfolio\/web-design\/\">\n\t\t\t<div class=\"elementor-flip-box__layer__overlay\">\n\t\t\t\t<div class=\"elementor-flip-box__layer__inner\">\n\t\t\t\t\t\t\t\t\t\t\t<h3 class=\"elementor-flip-box__layer__title\">\n\t\t\t\t\t\t\tWEB DESIGN\t\t\t\t\t\t<\/h3>\n\t\t\t\t\t\n\t\t\t\t\t\n\t\t\t\t\t\t\t\t<\/div>\n\t\t<\/div>\n\t\t<\/a>\n\t\t<\/div>\n\t\t\t\t<\/div>\n\t\t\t\t<\/div>\n\t\t\t\t<div class=\"elementor-element elementor-element-395a8b93 elementor-flip-box--effect-zoom-in animated-slow elementor-invisible elementor-widget elementor-widget-flip-box\" data-id=\"395a8b93\" data-element_type=\"widget\" data-settings=\"{&quot;_animation&quot;:&quot;fadeInLeft&quot;}\" data-widget_type=\"flip-box.default\">\n\t\t\t\t<div class=\"elementor-widget-container\">\n\t\t\t\t\t<div class=\"elementor-flip-box\" tabindex=\"0\">\n\t\t\t<div class=\"elementor-flip-box__layer elementor-flip-box__front\">\n\t\t\t\t<div class=\"elementor-flip-box__layer__overlay\">\n\t\t\t\t\t<div class=\"elementor-flip-box__layer__inner\">\n\t\t\t\t\t\t\n\t\t\t\t\t\t\n\t\t\t\t\t\t\t\t\t\t\t<\/div>\n\t\t\t\t<\/div>\n\t\t\t<\/div>\n\t\t\t<a class=\"elementor-flip-box__layer elementor-flip-box__back\" href=\"https:\/\/cjenny.eleves.mediamatique.ch\/e-portfolio\/gallery\/\">\n\t\t\t<div class=\"elementor-flip-box__layer__overlay\">\n\t\t\t\t<div class=\"elementor-flip-box__layer__inner\">\n\t\t\t\t\t\t\t\t\t\t\t<h3 class=\"elementor-flip-box__layer__title\">\n\t\t\t\t\t\t\tPHOTO<br>GRAPHIE\t\t\t\t\t\t<\/h3>\n\t\t\t\t\t\n\t\t\t\t\t\n\t\t\t\t\t\t\t\t<\/div>\n\t\t<\/div>\n\t\t<\/a>\n\t\t<\/div>\n\t\t\t\t<\/div>\n\t\t\t\t<\/div>\n\t\t\t\t<\/div>\n\t\t\t\t\t<\/div>\n\t\t\t\t<\/div>\n\t\t\t\t<\/div>\n\t\t","protected":false},"excerpt":{"rendered":"<p>Coralie Jenny M\u00e9diamaticienne Et photographe Coralie Jenny M\u00e9diamaticienne et photographe En tant que m\u00e9diamaticienne de formation, sp\u00e9cialis\u00e9e dans le web design et le design PAO, je suis anim\u00e9e par une passion pour l&rsquo;innovation et le dynamisme. Mon approche collaborative privil\u00e9gie le travail \u00e9troit avec mes clients afin de concr\u00e9tiser leurs projets de mani\u00e8re cr\u00e9ative et [&hellip;]<\/p>\n","protected":false},"author":1,"featured_media":0,"parent":0,"menu_order":0,"comment_status":"closed","ping_status":"closed","template":"","meta":{"footnotes":""},"class_list":["post-49","page","type-page","status-publish","hentry"],"_links":{"self":[{"href":"https:\/\/cjenny.eleves.mediamatique.ch\/e-portfolio\/wp-json\/wp\/v2\/pages\/49","targetHints":{"allow":["GET"]}}],"collection":[{"href":"https:\/\/cjenny.eleves.mediamatique.ch\/e-portfolio\/wp-json\/wp\/v2\/pages"}],"about":[{"href":"https:\/\/cjenny.eleves.mediamatique.ch\/e-portfolio\/wp-json\/wp\/v2\/types\/page"}],"author":[{"embeddable":true,"href":"https:\/\/cjenny.eleves.mediamatique.ch\/e-portfolio\/wp-json\/wp\/v2\/users\/1"}],"replies":[{"embeddable":true,"href":"https:\/\/cjenny.eleves.mediamatique.ch\/e-portfolio\/wp-json\/wp\/v2\/comments?post=49"}],"version-history":[{"count":152,"href":"https:\/\/cjenny.eleves.mediamatique.ch\/e-portfolio\/wp-json\/wp\/v2\/pages\/49\/revisions"}],"predecessor-version":[{"id":797,"href":"https:\/\/cjenny.eleves.mediamatique.ch\/e-portfolio\/wp-json\/wp\/v2\/pages\/49\/revisions\/797"}],"wp:attachment":[{"href":"https:\/\/cjenny.eleves.mediamatique.ch\/e-portfolio\/wp-json\/wp\/v2\/media?parent=49"}],"curies":[{"name":"wp","href":"https:\/\/api.w.org\/{rel}","templated":true}]}}