{"id":64,"date":"2024-03-26T12:21:21","date_gmt":"2024-03-26T11:21:21","guid":{"rendered":"https:\/\/cjenny.eleves.mediamatique.ch\/bricks\/?post_type=product&#038;p=64"},"modified":"2024-03-26T16:43:33","modified_gmt":"2024-03-26T15:43:33","slug":"hawaii-haleiwa-beach","status":"publish","type":"product","link":"https:\/\/cjenny.eleves.mediamatique.ch\/bricks\/produit\/hawaii-haleiwa-beach\/","title":{"rendered":"Hawaii &#8211; Haleiwa Beach"},"content":{"rendered":"<p>Une plage d\u00e9serte de l&rsquo;\u00eele de Oahu \u00e0 Hawaii.<\/p>\n","protected":false},"excerpt":{"rendered":"<p>Une plage d\u00e9serte de l&rsquo;\u00eele de Oahu \u00e0 Hawaii.<\/p>\n","protected":false},"featured_media":65,"comment_status":"open","ping_status":"closed","template":"","meta":[],"product_cat":[16],"product_tag":[],"class_list":{"0":"post-64","1":"product","2":"type-product","3":"status-publish","4":"has-post-thumbnail","6":"product_cat-photo-paysage","8":"first","9":"instock","10":"shipping-taxable","11":"purchasable","12":"product-type-simple"},"_links":{"self":[{"href":"https:\/\/cjenny.eleves.mediamatique.ch\/bricks\/wp-json\/wp\/v2\/product\/64","targetHints":{"allow":["GET"]}}],"collection":[{"href":"https:\/\/cjenny.eleves.mediamatique.ch\/bricks\/wp-json\/wp\/v2\/product"}],"about":[{"href":"https:\/\/cjenny.eleves.mediamatique.ch\/bricks\/wp-json\/wp\/v2\/types\/product"}],"replies":[{"embeddable":true,"href":"https:\/\/cjenny.eleves.mediamatique.ch\/bricks\/wp-json\/wp\/v2\/comments?post=64"}],"wp:featuredmedia":[{"embeddable":true,"href":"https:\/\/cjenny.eleves.mediamatique.ch\/bricks\/wp-json\/wp\/v2\/media\/65"}],"wp:attachment":[{"href":"https:\/\/cjenny.eleves.mediamatique.ch\/bricks\/wp-json\/wp\/v2\/media?parent=64"}],"wp:term":[{"taxonomy":"product_cat","embeddable":true,"href":"https:\/\/cjenny.eleves.mediamatique.ch\/bricks\/wp-json\/wp\/v2\/product_cat?post=64"},{"taxonomy":"product_tag","embeddable":true,"href":"https:\/\/cjenny.eleves.mediamatique.ch\/bricks\/wp-json\/wp\/v2\/product_tag?post=64"}],"curies":[{"name":"wp","href":"https:\/\/api.w.org\/{rel}","templated":true}]}}