{"id":48,"date":"2024-03-26T11:35:13","date_gmt":"2024-03-26T10:35:13","guid":{"rendered":"https:\/\/cjenny.eleves.mediamatique.ch\/bricks\/?post_type=product&#038;p=48"},"modified":"2024-03-26T13:49:05","modified_gmt":"2024-03-26T12:49:05","slug":"photographie-douves-blanches","status":"publish","type":"product","link":"https:\/\/cjenny.eleves.mediamatique.ch\/bricks\/produit\/photographie-douves-blanches\/","title":{"rendered":"Douves Blanches &#8211; Arolla"},"content":{"rendered":"<p>Plongez dans l&rsquo;essence des Alpes avec cette capture unique depuis le sommet de La Cassorte \u00e0 Arolla (VS), offrant une vue sur les Douves Blanches. Cette photo t\u00e9moigne de l&rsquo;effort n\u00e9cessaire pour atteindre ce point de vue exclusif, capturant la beaut\u00e9 brute et la grandeur des montagnes alpines.\u00a0\u00bb<\/p>\n","protected":false},"excerpt":{"rendered":"<p>Plongez dans l&rsquo;essence des Alpes avec cette capture unique depuis le sommet de La Cassorte \u00e0 Arolla (VS), offrant une vue sur les Douves Blanches. Cette photo t\u00e9moigne de l&rsquo;effort n\u00e9cessaire pour atteindre ce point de vue exclusif, capturant la beaut\u00e9 brute et la grandeur des montagnes alpines.\u00a0\u00bb<\/p>\n","protected":false},"featured_media":49,"comment_status":"open","ping_status":"closed","template":"","meta":[],"product_cat":[16],"product_tag":[],"class_list":{"0":"post-48","1":"product","2":"type-product","3":"status-publish","4":"has-post-thumbnail","6":"product_cat-photo-paysage","8":"first","9":"instock","10":"sale","11":"shipping-taxable","12":"purchasable","13":"product-type-simple"},"_links":{"self":[{"href":"https:\/\/cjenny.eleves.mediamatique.ch\/bricks\/wp-json\/wp\/v2\/product\/48","targetHints":{"allow":["GET"]}}],"collection":[{"href":"https:\/\/cjenny.eleves.mediamatique.ch\/bricks\/wp-json\/wp\/v2\/product"}],"about":[{"href":"https:\/\/cjenny.eleves.mediamatique.ch\/bricks\/wp-json\/wp\/v2\/types\/product"}],"replies":[{"embeddable":true,"href":"https:\/\/cjenny.eleves.mediamatique.ch\/bricks\/wp-json\/wp\/v2\/comments?post=48"}],"wp:featuredmedia":[{"embeddable":true,"href":"https:\/\/cjenny.eleves.mediamatique.ch\/bricks\/wp-json\/wp\/v2\/media\/49"}],"wp:attachment":[{"href":"https:\/\/cjenny.eleves.mediamatique.ch\/bricks\/wp-json\/wp\/v2\/media?parent=48"}],"wp:term":[{"taxonomy":"product_cat","embeddable":true,"href":"https:\/\/cjenny.eleves.mediamatique.ch\/bricks\/wp-json\/wp\/v2\/product_cat?post=48"},{"taxonomy":"product_tag","embeddable":true,"href":"https:\/\/cjenny.eleves.mediamatique.ch\/bricks\/wp-json\/wp\/v2\/product_tag?post=48"}],"curies":[{"name":"wp","href":"https:\/\/api.w.org\/{rel}","templated":true}]}}